{"id":131,"date":"2020-10-16T09:04:16","date_gmt":"2020-10-16T09:04:16","guid":{"rendered":"http:\/\/www.garralda.es\/gardetasun\/informazio-instituzionala-hautetsiak-eta-udal-langileak\/hautetsiak-eta-udal-langileak\/"},"modified":"2024-11-27T11:56:12","modified_gmt":"2024-11-27T11:56:12","slug":"hautetsiak-eta-udal-langileak","status":"publish","type":"page","link":"http:\/\/www.garralda.es\/eu\/udala\/gardetasun\/informazio-instituzionala-hautetsiak-eta-udal-langileak\/hautetsiak-eta-udal-langileak\/","title":{"rendered":"Hautetsiak eta udal langileak"},"content":{"rendered":"<ul>\n<li>Udal organigrama, organo nahiz eginkizun guztien arduradunak nor diren barne (19\/2013 Legea)\n<ul>\n<li>Alkatea: <span data-olk-copy-source=\"MessageBody\">Bego\u00f1a Mun\u00e1rriz Guezala<\/span><\/li>\n<li>Alkateordea: <span data-olk-copy-source=\"MessageBody\">Angel Luis Mandacen Larra\u00f1eta<\/span><\/li>\n<li>Zinegotziak:\n<ul>\n<li>Miguel Jos\u00e9 Barberena del R\u00edo<\/li>\n<li><span data-olk-copy-source=\"MessageBody\">Ion Iriarte Pedroarena<\/span><\/li>\n<li><span data-olk-copy-source=\"MessageBody\">Martin Andueza Beaumont<\/span><\/li>\n<\/ul>\n<\/li>\n<li>Idazkaria: <span data-olk-copy-source=\"MessageBody\">Amalur Otero Go\u00f1i<\/span><\/li>\n<\/ul>\n<\/li>\n<li><a href=\"http:\/\/www.garralda.es\/wp-content\/uploads\/2021\/02\/UDALEKOEN-ORDAINSARIAK-2020-GARRALDA.pdf\">Udalak parte hartzen duen entitateetako goi-karguen eta arduradun nagusien ordainsariak<\/a> (19\/2013 Legea)<\/li>\n<li>Goi-karguek jasotako kalte-ordainak, karguak uztean (19\/2013 Legea)<\/li>\n<li><a href=\"https:\/\/bon.navarra.es\/eu\/iragarkia\/-\/texto\/2021\/289\/26\">2022ko plantilla organikoa. Behin betiko onespena<\/a>.<\/li>\n<\/ul>\n","protected":false},"excerpt":{"rendered":"<p>Udal organigrama, organo nahiz eginkizun guztien arduradunak nor diren barne (19\/2013 Legea) Alkatea: Bego\u00f1a Mun\u00e1rriz Guezala Alkateordea: Angel Luis Mandacen Larra\u00f1eta Zinegotziak: Miguel Jos\u00e9 Barberena del R\u00edo Ion Iriarte Pedroarena Martin Andueza Beaumont Idazkaria: Amalur Otero Go\u00f1i Udalak parte hartzen duen entitateetako goi-karguen eta arduradun nagusien ordainsariak (19\/2013 Legea) Goi-karguek jasotako kalte-ordainak, karguak uztean (19\/2013 [&hellip;]<\/p>\n","protected":false},"author":1,"featured_media":0,"parent":121,"menu_order":0,"comment_status":"closed","ping_status":"closed","template":"","meta":{"footnotes":""},"_links":{"self":[{"href":"http:\/\/www.garralda.es\/eu\/wp-json\/wp\/v2\/pages\/131"}],"collection":[{"href":"http:\/\/www.garralda.es\/eu\/wp-json\/wp\/v2\/pages"}],"about":[{"href":"http:\/\/www.garralda.es\/eu\/wp-json\/wp\/v2\/types\/page"}],"author":[{"embeddable":true,"href":"http:\/\/www.garralda.es\/eu\/wp-json\/wp\/v2\/users\/1"}],"replies":[{"embeddable":true,"href":"http:\/\/www.garralda.es\/eu\/wp-json\/wp\/v2\/comments?post=131"}],"version-history":[{"count":5,"href":"http:\/\/www.garralda.es\/eu\/wp-json\/wp\/v2\/pages\/131\/revisions"}],"predecessor-version":[{"id":1036,"href":"http:\/\/www.garralda.es\/eu\/wp-json\/wp\/v2\/pages\/131\/revisions\/1036"}],"up":[{"embeddable":true,"href":"http:\/\/www.garralda.es\/eu\/wp-json\/wp\/v2\/pages\/121"}],"wp:attachment":[{"href":"http:\/\/www.garralda.es\/eu\/wp-json\/wp\/v2\/media?parent=131"}],"curies":[{"name":"wp","href":"https:\/\/api.w.org\/{rel}","templated":true}]}}